{"id":2235,"date":"2022-04-07T02:44:26","date_gmt":"2022-04-07T00:44:26","guid":{"rendered":"http:\/\/localhost\/orbit\/?post_type=product&#038;p=2235"},"modified":"2022-04-07T02:44:27","modified_gmt":"2022-04-07T00:44:27","slug":"toyota-rush","status":"publish","type":"product","link":"https:\/\/orbitrentacar.com.gt\/?product=toyota-rush","title":{"rendered":"TOYOTA RUSH"},"content":{"rendered":"","protected":false},"excerpt":{"rendered":"<p>Motor 1,500 cc<br \/>\nFrenos ABS<br \/>\nGasolina<br \/>\nC\u00e1mara de Retroceso<br \/>\nSensores de Parqueo<br \/>\nAutom\u00e1tica 4X2<br \/>\n7 Pasajeros<br \/>\nRadio AM\/FM\u00a0 AUX,USB y Bluetooth<br \/>\nDoble A\/C<br \/>\n2 Peque\u00f1as<br \/>\n4Matic \/ Anti-derrape<\/p>\n<p><b><\/p>\n<p>Incluye:<br \/>\n<\/b><\/p>\n<ul>\n<li>Cobertura de Colisi\u00f3n, Robo y Da\u00f1os propios al veh\u00edculo con deducible de Q35,000.00<\/li>\n<li>Seguro de da\u00f1os a terceros, en caso de colisi\u00f3n a otro veh\u00edculo en movimiento, da\u00f1os a propiedad privada, propiedad publica y peatones.<\/li>\n<li>Asistencia en carretera 24\/7<\/li>\n<li>Impuestos<\/li>\n<li>Kilometraje Libre<\/li>\n<\/ul>\n","protected":false},"featured_media":2236,"comment_status":"closed","ping_status":"closed","template":"","meta":[],"product_cat":[54],"product_tag":[],"class_list":{"0":"post-2235","1":"product","2":"type-product","3":"status-publish","4":"has-post-thumbnail","6":"product_cat-vehiculo","8":"first","9":"instock","10":"shipping-taxable","11":"purchasable","12":"product-type-simple"},"_links":{"self":[{"href":"https:\/\/orbitrentacar.com.gt\/index.php?rest_route=\/wp\/v2\/product\/2235","targetHints":{"allow":["GET"]}}],"collection":[{"href":"https:\/\/orbitrentacar.com.gt\/index.php?rest_route=\/wp\/v2\/product"}],"about":[{"href":"https:\/\/orbitrentacar.com.gt\/index.php?rest_route=\/wp\/v2\/types\/product"}],"replies":[{"embeddable":true,"href":"https:\/\/orbitrentacar.com.gt\/index.php?rest_route=%2Fwp%2Fv2%2Fcomments&post=2235"}],"version-history":[{"count":1,"href":"https:\/\/orbitrentacar.com.gt\/index.php?rest_route=\/wp\/v2\/product\/2235\/revisions"}],"predecessor-version":[{"id":2237,"href":"https:\/\/orbitrentacar.com.gt\/index.php?rest_route=\/wp\/v2\/product\/2235\/revisions\/2237"}],"wp:featuredmedia":[{"embeddable":true,"href":"https:\/\/orbitrentacar.com.gt\/index.php?rest_route=\/wp\/v2\/media\/2236"}],"wp:attachment":[{"href":"https:\/\/orbitrentacar.com.gt\/index.php?rest_route=%2Fwp%2Fv2%2Fmedia&parent=2235"}],"wp:term":[{"taxonomy":"product_cat","embeddable":true,"href":"https:\/\/orbitrentacar.com.gt\/index.php?rest_route=%2Fwp%2Fv2%2Fproduct_cat&post=2235"},{"taxonomy":"product_tag","embeddable":true,"href":"https:\/\/orbitrentacar.com.gt\/index.php?rest_route=%2Fwp%2Fv2%2Fproduct_tag&post=2235"}],"curies":[{"name":"wp","href":"https:\/\/api.w.org\/{rel}","templated":true}]}}