{"id":2224,"date":"2022-04-07T02:30:32","date_gmt":"2022-04-07T00:30:32","guid":{"rendered":"http:\/\/localhost\/orbit\/?post_type=product&#038;p=2224"},"modified":"2022-04-07T02:30:33","modified_gmt":"2022-04-07T00:30:33","slug":"mazda-bt-50-pro-nueva-linea","status":"publish","type":"product","link":"https:\/\/orbitrentacar.com.gt\/?product=mazda-bt-50-pro-nueva-linea","title":{"rendered":"MAZDA BT 50 PRO &#8211; Nueva Linea"},"content":{"rendered":"","protected":false},"excerpt":{"rendered":"<p>Motor 2,200 cc<br \/>\nFrenos ABS<br \/>\nDoble Cabina<br \/>\nTurbo Di\u00e9sel<br \/>\nManual y Autom\u00e1tico 4X4<br \/>\n5 Pasajeros<br \/>\nRadio AM\/FM\u00a0 AUX,USB y Bluetooth<br \/>\nA\/C<br \/>\n1.5 Toneladas<br \/>\n0 Maletas<\/p>\n<p><b style=\"font-size: inherit;\">Incluye:<\/b><\/p>\n<ul>\n<li>Cobertura de Colisi\u00f3n, Robo y Da\u00f1os propios al veh\u00edculo con deducible de Q30,000.00<\/li>\n<li>Seguro de da\u00f1os a terceros, en caso de colisi\u00f3n a otro veh\u00edculo en movimiento, da\u00f1os a propiedad privada, propiedad publica y peatones.<\/li>\n<li>Asistencia en carretera 24\/7<\/li>\n<li>Impuestos<\/li>\n<li>Kilometraje Libre<\/li>\n<\/ul>\n","protected":false},"featured_media":2225,"comment_status":"closed","ping_status":"closed","template":"","meta":[],"product_cat":[54],"product_tag":[],"class_list":{"0":"post-2224","1":"product","2":"type-product","3":"status-publish","4":"has-post-thumbnail","6":"product_cat-vehiculo","8":"first","9":"instock","10":"shipping-taxable","11":"purchasable","12":"product-type-simple"},"_links":{"self":[{"href":"https:\/\/orbitrentacar.com.gt\/index.php?rest_route=\/wp\/v2\/product\/2224","targetHints":{"allow":["GET"]}}],"collection":[{"href":"https:\/\/orbitrentacar.com.gt\/index.php?rest_route=\/wp\/v2\/product"}],"about":[{"href":"https:\/\/orbitrentacar.com.gt\/index.php?rest_route=\/wp\/v2\/types\/product"}],"replies":[{"embeddable":true,"href":"https:\/\/orbitrentacar.com.gt\/index.php?rest_route=%2Fwp%2Fv2%2Fcomments&post=2224"}],"version-history":[{"count":2,"href":"https:\/\/orbitrentacar.com.gt\/index.php?rest_route=\/wp\/v2\/product\/2224\/revisions"}],"predecessor-version":[{"id":2228,"href":"https:\/\/orbitrentacar.com.gt\/index.php?rest_route=\/wp\/v2\/product\/2224\/revisions\/2228"}],"wp:featuredmedia":[{"embeddable":true,"href":"https:\/\/orbitrentacar.com.gt\/index.php?rest_route=\/wp\/v2\/media\/2225"}],"wp:attachment":[{"href":"https:\/\/orbitrentacar.com.gt\/index.php?rest_route=%2Fwp%2Fv2%2Fmedia&parent=2224"}],"wp:term":[{"taxonomy":"product_cat","embeddable":true,"href":"https:\/\/orbitrentacar.com.gt\/index.php?rest_route=%2Fwp%2Fv2%2Fproduct_cat&post=2224"},{"taxonomy":"product_tag","embeddable":true,"href":"https:\/\/orbitrentacar.com.gt\/index.php?rest_route=%2Fwp%2Fv2%2Fproduct_tag&post=2224"}],"curies":[{"name":"wp","href":"https:\/\/api.w.org\/{rel}","templated":true}]}}